{"id":9,"date":"2026-01-28T01:04:10","date_gmt":"2026-01-28T01:04:10","guid":{"rendered":"https:\/\/coinradarpro.net\/?page_id=9"},"modified":"2026-01-28T01:04:10","modified_gmt":"2026-01-28T01:04:10","slug":"trang-chu","status":"publish","type":"page","link":"https:\/\/coinradarpro.net\/","title":{"rendered":"Trang ch\u1ee7"},"content":{"rendered":"\n<!DOCTYPE html>\n<html lang=\"vi\">\n<head>\n    <meta charset=\"UTF-8\">\n    <meta name=\"viewport\" content=\"width=device-width, initial-scale=1.0\">\n    <title>CoinRadarPro &#8211; Theo d\u00f5i &#038; Ph\u00e2n t\u00edch Crypto<\/title>\n    <link rel=\"stylesheet\" href=\"style.css\">\n<\/head>\n<body>\n    <main class=\"container\">\n        <!-- Hero Section -->\n        <section class=\"hero\">\n            <div class=\"hero-content\">\n                <h1>Theo d\u00f5i th\u1ecb tr\u01b0\u1eddng Crypto <span class=\"highlight\">chuy\u00ean nghi\u1ec7p<\/span><\/h1>\n                <p>Ph\u00e2n t\u00edch th\u1eddi gian th\u1ef1c, c\u1ea3nh b\u00e1o gi\u00e1 v\u00e0 insights cho nh\u00e0 \u0111\u1ea7u t\u01b0 th\u00f4ng minh<\/p>\n                <div class=\"hero-buttons\">\n                    <button class=\"btn btn-primary\">B\u1eaft \u0111\u1ea7u mi\u1ec5n ph\u00ed<\/button>\n                    <button class=\"btn btn-secondary\">Xem Demo<\/button>\n                <\/div>\n            <\/div>\n        <\/section>\n\n        <!-- Live Market Data -->\n        <section class=\"market-overview\">\n            <h2>Th\u1ecb tr\u01b0\u1eddng tr\u1ef1c ti\u1ebfp<\/h2>\n            <div class=\"crypto-cards\">\n                <div class=\"crypto-card\">\n                    <div class=\"crypto-icon btc\">\u20bf<\/div>\n                    <div class=\"crypto-info\">\n                        <h3>Bitcoin<\/h3>\n                        <p class=\"symbol\">BTC<\/p>\n                    <\/div>\n                    <div class=\"crypto-price\">\n                        <p class=\"price\">$42,156.80<\/p>\n                        <p class=\"change positive\">+2.45%<\/p>\n                    <\/div>\n                <\/div>\n\n                <div class=\"crypto-card\">\n                    <div class=\"crypto-icon eth\">\u039e<\/div>\n                    <div class=\"crypto-info\">\n                        <h3>Ethereum<\/h3>\n                        <p class=\"symbol\">ETH<\/p>\n                    <\/div>\n                    <div class=\"crypto-price\">\n                        <p class=\"price\">$2,248.50<\/p>\n                        <p class=\"change positive\">+1.87%<\/p>\n                    <\/div>\n                <\/div>\n\n                <div class=\"crypto-card\">\n                    <div class=\"crypto-icon bnb\">B<\/div>\n                    <div class=\"crypto-info\">\n                        <h3>Binance Coin<\/h3>\n                        <p class=\"symbol\">BNB<\/p>\n                    <\/div>\n                    <div class=\"crypto-price\">\n                        <p class=\"price\">$312.45<\/p>\n                        <p class=\"change negative\">-0.52%<\/p>\n                    <\/div>\n                <\/div>\n\n                <div class=\"crypto-card\">\n                    <div class=\"crypto-icon sol\">\u25ce<\/div>\n                    <div class=\"crypto-info\">\n                        <h3>Solana<\/h3>\n                        <p class=\"symbol\">SOL<\/p>\n                    <\/div>\n                    <div class=\"crypto-price\">\n                        <p class=\"price\">$98.72<\/p>\n                        <p class=\"change positive\">+5.23%<\/p>\n                    <\/div>\n                <\/div>\n            <\/div>\n        <\/section>\n\n        <!-- Features Section -->\n        <section class=\"features\">\n            <h2>T\u00ednh n\u0103ng n\u1ed5i b\u1eadt<\/h2>\n            <div class=\"features-grid\">\n                <div class=\"feature-card\">\n                    <div class=\"feature-icon\">\ud83d\udcca<\/div>\n                    <h3>Bi\u1ec3u \u0111\u1ed3 chuy\u00ean nghi\u1ec7p<\/h3>\n                    <p>C\u00f4ng c\u1ee5 ph\u00e2n t\u00edch k\u1ef9 thu\u1eadt v\u1edbi h\u00e0ng tr\u0103m ch\u1ec9 b\u00e1o<\/p>\n                <\/div>\n\n                <div class=\"feature-card\">\n                    <div class=\"feature-icon\">\ud83d\udd14<\/div>\n                    <h3>C\u1ea3nh b\u00e1o gi\u00e1<\/h3>\n                    <p>Nh\u1eadn th\u00f4ng b\u00e1o ngay khi gi\u00e1 \u0111\u1ea1t ng\u01b0\u1ee1ng mong mu\u1ed1n<\/p>\n                <\/div>\n\n                <div class=\"feature-card\">\n                    <div class=\"feature-icon\">\ud83d\udcc8<\/div>\n                    <h3>Portfolio Tracker<\/h3>\n                    <p>Theo d\u00f5i danh m\u1ee5c \u0111\u1ea7u t\u01b0 c\u1ee7a b\u1ea1n m\u1ecdi l\u00fac m\u1ecdi n\u01a1i<\/p>\n                <\/div>\n\n                <div class=\"feature-card\">\n                    <div class=\"feature-icon\">\ud83e\udd16<\/div>\n                    <h3>AI Insights<\/h3>\n                    <p>Ph\u00e2n t\u00edch xu h\u01b0\u1edbng th\u1ecb tr\u01b0\u1eddng b\u1eb1ng tr\u00ed tu\u1ec7 nh\u00e2n t\u1ea1o<\/p>\n                <\/div>\n\n                <div class=\"feature-card\">\n                    <div class=\"feature-icon\">\ud83d\udd12<\/div>\n                    <h3>B\u1ea3o m\u1eadt cao<\/h3>\n                    <p>D\u1eef li\u1ec7u \u0111\u01b0\u1ee3c m\u00e3 h\u00f3a v\u00e0 b\u1ea3o v\u1ec7 tuy\u1ec7t \u0111\u1ed1i<\/p>\n                <\/div>\n\n                <div class=\"feature-card\">\n                    <div class=\"feature-icon\">\ud83d\udcf1<\/div>\n                    <h3>\u0110a n\u1ec1n t\u1ea3ng<\/h3>\n                    <p>S\u1eed d\u1ee5ng tr\u00ean web, mobile v\u00e0 desktop<\/p>\n                <\/div>\n            <\/div>\n        <\/section>\n    <\/main>\n<\/body>\n<\/html>\n","protected":false},"excerpt":{"rendered":"<p>CoinRadarPro &#8211; Theo d\u00f5i &#038; Ph\u00e2n t\u00edch Crypto Theo d\u00f5i th\u1ecb tr\u01b0\u1eddng Crypto chuy\u00ean nghi\u1ec7p Ph\u00e2n t\u00edch th\u1eddi gian th\u1ef1c, c\u1ea3nh b\u00e1o gi\u00e1 v\u00e0 insights cho nh\u00e0 \u0111\u1ea7u t\u01b0 th\u00f4ng minh B\u1eaft \u0111\u1ea7u mi\u1ec5n ph\u00ed Xem Demo Th\u1ecb tr\u01b0\u1eddng tr\u1ef1c ti\u1ebfp \u20bf Bitcoin BTC $42,156.80 +2.45% \u039e Ethereum ETH $2,248.50 +1.87% B Binance Coin BNB [&#8230;]\n","protected":false},"author":1,"featured_media":0,"parent":0,"menu_order":0,"comment_status":"closed","ping_status":"closed","template":"","meta":{"footnotes":""},"class_list":["post-9","page","type-page","status-publish","hentry"],"_links":{"self":[{"href":"https:\/\/coinradarpro.net\/index.php\/wp-json\/wp\/v2\/pages\/9","targetHints":{"allow":["GET"]}}],"collection":[{"href":"https:\/\/coinradarpro.net\/index.php\/wp-json\/wp\/v2\/pages"}],"about":[{"href":"https:\/\/coinradarpro.net\/index.php\/wp-json\/wp\/v2\/types\/page"}],"author":[{"embeddable":true,"href":"https:\/\/coinradarpro.net\/index.php\/wp-json\/wp\/v2\/users\/1"}],"replies":[{"embeddable":true,"href":"https:\/\/coinradarpro.net\/index.php\/wp-json\/wp\/v2\/comments?post=9"}],"version-history":[{"count":1,"href":"https:\/\/coinradarpro.net\/index.php\/wp-json\/wp\/v2\/pages\/9\/revisions"}],"predecessor-version":[{"id":11,"href":"https:\/\/coinradarpro.net\/index.php\/wp-json\/wp\/v2\/pages\/9\/revisions\/11"}],"wp:attachment":[{"href":"https:\/\/coinradarpro.net\/index.php\/wp-json\/wp\/v2\/media?parent=9"}],"curies":[{"name":"wp","href":"https:\/\/api.w.org\/{rel}","templated":true}]}}